{"id":759,"date":"2022-11-18T21:06:02","date_gmt":"2022-11-19T00:06:02","guid":{"rendered":"https:\/\/nannabanana.com.br\/loja\/?post_type=product&#038;p=759"},"modified":"2025-05-01T17:15:25","modified_gmt":"2025-05-01T20:15:25","slug":"nanna_cambuci-barra","status":"publish","type":"product","link":"https:\/\/nannabanana.com.br\/loja\/produto\/dietas-restritivas\/nanna_cambuci-barra\/","title":{"rendered":"Nanna Cambuci Barra"},"content":{"rendered":"<p>Sabe aquele sabor que \u00e9 azedinho e doce ao mesmo tempo? Ent\u00e3o, essa \u00e9 a vers\u00e3o Nanna Cambuci!<\/p>\n<p>100% natural, SEM adi\u00e7\u00e3o de a\u00e7\u00facar, a Nanna Cambuci \u00e9 o equil\u00edbrio perfeito entre o dul\u00e7or da banana e a acidez do cambuci, uma fruta nativa da Mata Atl\u00e2ntica. Deixe-se abduzir por esse sabor!<\/p>\n<p>O Cambuci \u00e9 um POTENCIAL INIBIDOR DE ENZIMAS RELACIONADAS \u00e0 INCID\u00caNCIA DE DIABETES TIPO 2; por ser um alimento SEM adi\u00e7\u00e3o de a\u00e7\u00facar nem ado\u00e7antes, \u00e9 tamb\u00e9m indicado para pessoas que seguem uma dieta com restri\u00e7\u00e3o a esses ingredientes.<\/p>\n<p>Barra de 250g para voc\u00ea cortar do tamanho da sua vontade! Ideal para comer em casa.<\/p>\n","protected":false},"excerpt":{"rendered":"<p>Sabe aquele sabor que \u00e9 azedinho e doce ao mesmo tempo? Ent\u00e3o, essa \u00e9 a vers\u00e3o Nanna Cambuci! 100% natural, SEM adi\u00e7\u00e3o de a\u00e7\u00facar, a Nanna Cambuci \u00e9 o equil\u00edbrio perfeito entre o dul\u00e7or da banana e a acidez do cambuci, uma fruta nativa da Mata Atl\u00e2ntica. Deixe-se abduzir por esse sabor! O Cambuci \u00e9 [&hellip;]<\/p>\n","protected":false},"featured_media":1733,"template":"","meta":[],"product_brand":[],"product_cat":[54,52],"product_tag":[],"class_list":{"0":"post-759","1":"product","2":"type-product","3":"status-publish","4":"has-post-thumbnail","6":"product_cat-bananada-cambuci","7":"product_cat-dietas-restritivas","9":"first","10":"instock","11":"taxable","12":"shipping-taxable","13":"purchasable","14":"product-type-simple"},"yoast_head":"<!-- This site is optimized with the Yoast SEO plugin v27.5 - https:\/\/yoast.com\/product\/yoast-seo-wordpress\/ -->\n<title>Nanna Cambuci Barra | Loja Nannabanana<\/title>\n<meta name=\"description\" content=\"Bananinha artesanal com cambuci. Feita das frutas &#039;bananas&#039; e &#039;cambuci&#039; org\u00e2nicos.\" \/>\n<meta name=\"robots\" content=\"index, follow, max-snippet:-1, max-image-preview:large, max-video-preview:-1\" \/>\n<link rel=\"canonical\" href=\"https:\/\/nannabanana.com.br\/loja\/produto\/dietas-restritivas\/nanna_cambuci-barra\/\" \/>\n<meta property=\"og:locale\" content=\"pt_BR\" \/>\n<meta property=\"og:type\" content=\"article\" \/>\n<meta property=\"og:title\" content=\"Nanna Cambuci Barra | Loja Nannabanana\" \/>\n<meta property=\"og:description\" content=\"Bananinha artesanal com cambuci. Feita das frutas &#039;bananas&#039; e &#039;cambuci&#039; org\u00e2nicos.\" \/>\n<meta property=\"og:url\" content=\"https:\/\/nannabanana.com.br\/loja\/produto\/dietas-restritivas\/nanna_cambuci-barra\/\" \/>\n<meta property=\"og:site_name\" content=\"Loja Nannabanana\" \/>\n<meta property=\"article:modified_time\" content=\"2025-05-01T20:15:25+00:00\" \/>\n<meta property=\"og:image\" content=\"https:\/\/nannabanana.com.br\/loja\/wp-content\/uploads\/2024\/02\/prod-nannacambuci-barra02.jpg\" \/>\n\t<meta property=\"og:image:width\" content=\"1000\" \/>\n\t<meta property=\"og:image:height\" content=\"1000\" \/>\n\t<meta property=\"og:image:type\" content=\"image\/jpeg\" \/>\n<meta name=\"twitter:card\" content=\"summary_large_image\" \/>\n<meta name=\"twitter:label1\" content=\"Est. tempo de leitura\" \/>\n\t<meta name=\"twitter:data1\" content=\"1 minuto\" \/>\n<script type=\"application\/ld+json\" class=\"yoast-schema-graph\">{\"@context\":\"https:\\\/\\\/schema.org\",\"@graph\":[{\"@type\":\"WebPage\",\"@id\":\"https:\\\/\\\/nannabanana.com.br\\\/loja\\\/produto\\\/dietas-restritivas\\\/nanna_cambuci-barra\\\/\",\"url\":\"https:\\\/\\\/nannabanana.com.br\\\/loja\\\/produto\\\/dietas-restritivas\\\/nanna_cambuci-barra\\\/\",\"name\":\"Nanna Cambuci Barra | Loja Nannabanana\",\"isPartOf\":{\"@id\":\"https:\\\/\\\/nannabanana.com.br\\\/loja\\\/#website\"},\"primaryImageOfPage\":{\"@id\":\"https:\\\/\\\/nannabanana.com.br\\\/loja\\\/produto\\\/dietas-restritivas\\\/nanna_cambuci-barra\\\/#primaryimage\"},\"image\":{\"@id\":\"https:\\\/\\\/nannabanana.com.br\\\/loja\\\/produto\\\/dietas-restritivas\\\/nanna_cambuci-barra\\\/#primaryimage\"},\"thumbnailUrl\":\"https:\\\/\\\/nannabanana.com.br\\\/loja\\\/wp-content\\\/uploads\\\/2024\\\/02\\\/prod-nannacambuci-barra02.jpg\",\"datePublished\":\"2022-11-19T00:06:02+00:00\",\"dateModified\":\"2025-05-01T20:15:25+00:00\",\"description\":\"Bananinha artesanal com cambuci. Feita das frutas 'bananas' e 'cambuci' org\u00e2nicos.\",\"breadcrumb\":{\"@id\":\"https:\\\/\\\/nannabanana.com.br\\\/loja\\\/produto\\\/dietas-restritivas\\\/nanna_cambuci-barra\\\/#breadcrumb\"},\"inLanguage\":\"pt-BR\",\"potentialAction\":[{\"@type\":\"ReadAction\",\"target\":[\"https:\\\/\\\/nannabanana.com.br\\\/loja\\\/produto\\\/dietas-restritivas\\\/nanna_cambuci-barra\\\/\"]}]},{\"@type\":\"ImageObject\",\"inLanguage\":\"pt-BR\",\"@id\":\"https:\\\/\\\/nannabanana.com.br\\\/loja\\\/produto\\\/dietas-restritivas\\\/nanna_cambuci-barra\\\/#primaryimage\",\"url\":\"https:\\\/\\\/nannabanana.com.br\\\/loja\\\/wp-content\\\/uploads\\\/2024\\\/02\\\/prod-nannacambuci-barra02.jpg\",\"contentUrl\":\"https:\\\/\\\/nannabanana.com.br\\\/loja\\\/wp-content\\\/uploads\\\/2024\\\/02\\\/prod-nannacambuci-barra02.jpg\",\"width\":1000,\"height\":1000},{\"@type\":\"BreadcrumbList\",\"@id\":\"https:\\\/\\\/nannabanana.com.br\\\/loja\\\/produto\\\/dietas-restritivas\\\/nanna_cambuci-barra\\\/#breadcrumb\",\"itemListElement\":[{\"@type\":\"ListItem\",\"position\":1,\"name\":\"In\u00edcio\",\"item\":\"https:\\\/\\\/nannabanana.com.br\\\/loja\\\/\"},{\"@type\":\"ListItem\",\"position\":2,\"name\":\"Produtos\",\"item\":\"https:\\\/\\\/nannabanana.com.br\\\/loja\\\/shop\\\/\"},{\"@type\":\"ListItem\",\"position\":3,\"name\":\"Nanna Cambuci Barra\"}]},{\"@type\":\"WebSite\",\"@id\":\"https:\\\/\\\/nannabanana.com.br\\\/loja\\\/#website\",\"url\":\"https:\\\/\\\/nannabanana.com.br\\\/loja\\\/\",\"name\":\"Loja Nannabanana\",\"description\":\"Bananada Artesanal e Org\u00e2nica\",\"publisher\":{\"@id\":\"https:\\\/\\\/nannabanana.com.br\\\/loja\\\/#organization\"},\"potentialAction\":[{\"@type\":\"SearchAction\",\"target\":{\"@type\":\"EntryPoint\",\"urlTemplate\":\"https:\\\/\\\/nannabanana.com.br\\\/loja\\\/?s={search_term_string}\"},\"query-input\":{\"@type\":\"PropertyValueSpecification\",\"valueRequired\":true,\"valueName\":\"search_term_string\"}}],\"inLanguage\":\"pt-BR\"},{\"@type\":\"Organization\",\"@id\":\"https:\\\/\\\/nannabanana.com.br\\\/loja\\\/#organization\",\"name\":\"Nannabanana\",\"url\":\"https:\\\/\\\/nannabanana.com.br\\\/loja\\\/\",\"logo\":{\"@type\":\"ImageObject\",\"inLanguage\":\"pt-BR\",\"@id\":\"https:\\\/\\\/nannabanana.com.br\\\/loja\\\/#\\\/schema\\\/logo\\\/image\\\/\",\"url\":\"https:\\\/\\\/nannabanana.com.br\\\/loja\\\/wp-content\\\/uploads\\\/2024\\\/01\\\/logo-nanna.png\",\"contentUrl\":\"https:\\\/\\\/nannabanana.com.br\\\/loja\\\/wp-content\\\/uploads\\\/2024\\\/01\\\/logo-nanna.png\",\"width\":222,\"height\":222,\"caption\":\"Nannabanana\"},\"image\":{\"@id\":\"https:\\\/\\\/nannabanana.com.br\\\/loja\\\/#\\\/schema\\\/logo\\\/image\\\/\"}}]}<\/script>\n<!-- \/ Yoast SEO plugin. -->","yoast_head_json":{"title":"Nanna Cambuci Barra | Loja Nannabanana","description":"Bananinha artesanal com cambuci. Feita das frutas 'bananas' e 'cambuci' org\u00e2nicos.","robots":{"index":"index","follow":"follow","max-snippet":"max-snippet:-1","max-image-preview":"max-image-preview:large","max-video-preview":"max-video-preview:-1"},"canonical":"https:\/\/nannabanana.com.br\/loja\/produto\/dietas-restritivas\/nanna_cambuci-barra\/","og_locale":"pt_BR","og_type":"article","og_title":"Nanna Cambuci Barra | Loja Nannabanana","og_description":"Bananinha artesanal com cambuci. Feita das frutas 'bananas' e 'cambuci' org\u00e2nicos.","og_url":"https:\/\/nannabanana.com.br\/loja\/produto\/dietas-restritivas\/nanna_cambuci-barra\/","og_site_name":"Loja Nannabanana","article_modified_time":"2025-05-01T20:15:25+00:00","og_image":[{"width":1000,"height":1000,"url":"https:\/\/nannabanana.com.br\/loja\/wp-content\/uploads\/2024\/02\/prod-nannacambuci-barra02.jpg","type":"image\/jpeg"}],"twitter_card":"summary_large_image","twitter_misc":{"Est. tempo de leitura":"1 minuto"},"schema":{"@context":"https:\/\/schema.org","@graph":[{"@type":"WebPage","@id":"https:\/\/nannabanana.com.br\/loja\/produto\/dietas-restritivas\/nanna_cambuci-barra\/","url":"https:\/\/nannabanana.com.br\/loja\/produto\/dietas-restritivas\/nanna_cambuci-barra\/","name":"Nanna Cambuci Barra | Loja Nannabanana","isPartOf":{"@id":"https:\/\/nannabanana.com.br\/loja\/#website"},"primaryImageOfPage":{"@id":"https:\/\/nannabanana.com.br\/loja\/produto\/dietas-restritivas\/nanna_cambuci-barra\/#primaryimage"},"image":{"@id":"https:\/\/nannabanana.com.br\/loja\/produto\/dietas-restritivas\/nanna_cambuci-barra\/#primaryimage"},"thumbnailUrl":"https:\/\/nannabanana.com.br\/loja\/wp-content\/uploads\/2024\/02\/prod-nannacambuci-barra02.jpg","datePublished":"2022-11-19T00:06:02+00:00","dateModified":"2025-05-01T20:15:25+00:00","description":"Bananinha artesanal com cambuci. Feita das frutas 'bananas' e 'cambuci' org\u00e2nicos.","breadcrumb":{"@id":"https:\/\/nannabanana.com.br\/loja\/produto\/dietas-restritivas\/nanna_cambuci-barra\/#breadcrumb"},"inLanguage":"pt-BR","potentialAction":[{"@type":"ReadAction","target":["https:\/\/nannabanana.com.br\/loja\/produto\/dietas-restritivas\/nanna_cambuci-barra\/"]}]},{"@type":"ImageObject","inLanguage":"pt-BR","@id":"https:\/\/nannabanana.com.br\/loja\/produto\/dietas-restritivas\/nanna_cambuci-barra\/#primaryimage","url":"https:\/\/nannabanana.com.br\/loja\/wp-content\/uploads\/2024\/02\/prod-nannacambuci-barra02.jpg","contentUrl":"https:\/\/nannabanana.com.br\/loja\/wp-content\/uploads\/2024\/02\/prod-nannacambuci-barra02.jpg","width":1000,"height":1000},{"@type":"BreadcrumbList","@id":"https:\/\/nannabanana.com.br\/loja\/produto\/dietas-restritivas\/nanna_cambuci-barra\/#breadcrumb","itemListElement":[{"@type":"ListItem","position":1,"name":"In\u00edcio","item":"https:\/\/nannabanana.com.br\/loja\/"},{"@type":"ListItem","position":2,"name":"Produtos","item":"https:\/\/nannabanana.com.br\/loja\/shop\/"},{"@type":"ListItem","position":3,"name":"Nanna Cambuci Barra"}]},{"@type":"WebSite","@id":"https:\/\/nannabanana.com.br\/loja\/#website","url":"https:\/\/nannabanana.com.br\/loja\/","name":"Loja Nannabanana","description":"Bananada Artesanal e Org\u00e2nica","publisher":{"@id":"https:\/\/nannabanana.com.br\/loja\/#organization"},"potentialAction":[{"@type":"SearchAction","target":{"@type":"EntryPoint","urlTemplate":"https:\/\/nannabanana.com.br\/loja\/?s={search_term_string}"},"query-input":{"@type":"PropertyValueSpecification","valueRequired":true,"valueName":"search_term_string"}}],"inLanguage":"pt-BR"},{"@type":"Organization","@id":"https:\/\/nannabanana.com.br\/loja\/#organization","name":"Nannabanana","url":"https:\/\/nannabanana.com.br\/loja\/","logo":{"@type":"ImageObject","inLanguage":"pt-BR","@id":"https:\/\/nannabanana.com.br\/loja\/#\/schema\/logo\/image\/","url":"https:\/\/nannabanana.com.br\/loja\/wp-content\/uploads\/2024\/01\/logo-nanna.png","contentUrl":"https:\/\/nannabanana.com.br\/loja\/wp-content\/uploads\/2024\/01\/logo-nanna.png","width":222,"height":222,"caption":"Nannabanana"},"image":{"@id":"https:\/\/nannabanana.com.br\/loja\/#\/schema\/logo\/image\/"}}]}},"_links":{"self":[{"href":"https:\/\/nannabanana.com.br\/loja\/wp-json\/wp\/v2\/product\/759","targetHints":{"allow":["GET"]}}],"collection":[{"href":"https:\/\/nannabanana.com.br\/loja\/wp-json\/wp\/v2\/product"}],"about":[{"href":"https:\/\/nannabanana.com.br\/loja\/wp-json\/wp\/v2\/types\/product"}],"wp:featuredmedia":[{"embeddable":true,"href":"https:\/\/nannabanana.com.br\/loja\/wp-json\/wp\/v2\/media\/1733"}],"wp:attachment":[{"href":"https:\/\/nannabanana.com.br\/loja\/wp-json\/wp\/v2\/media?parent=759"}],"wp:term":[{"taxonomy":"product_brand","embeddable":true,"href":"https:\/\/nannabanana.com.br\/loja\/wp-json\/wp\/v2\/product_brand?post=759"},{"taxonomy":"product_cat","embeddable":true,"href":"https:\/\/nannabanana.com.br\/loja\/wp-json\/wp\/v2\/product_cat?post=759"},{"taxonomy":"product_tag","embeddable":true,"href":"https:\/\/nannabanana.com.br\/loja\/wp-json\/wp\/v2\/product_tag?post=759"}],"curies":[{"name":"wp","href":"https:\/\/api.w.org\/{rel}","templated":true}]}}